{"id":1367,"date":"2023-11-22T16:36:15","date_gmt":"2023-11-22T16:36:15","guid":{"rendered":"https:\/\/www.itrullisulmare.com\/contatti\/"},"modified":"2023-11-28T11:22:12","modified_gmt":"2023-11-28T11:22:12","slug":"contacto","status":"publish","type":"page","link":"https:\/\/www.itrullisulmare.com\/es\/contacto\/","title":{"rendered":"Contacto"},"content":{"rendered":"\n<div class=\"wp-block-columns container pt-5 is-layout-flex wp-container-core-columns-is-layout-9d6595d7 wp-block-columns-is-layout-flex\">\n<div class=\"wp-block-column is-layout-flow wp-block-column-is-layout-flow\">\n<p>Cont\u00e1ctenos ahora para obtener informaci\u00f3n o venga a visitarnos.<br>Estamos a su disposici\u00f3n para cualquier duda o petici\u00f3n.<br>Si no puede llamarnos, escriba su solicitud utilizando el formulario correspondiente.<\/p>\n\n\n\n<p><strong><i class=\"fa-solid fa-location-dot\" style=\"color:#016DB6;\"><\/i> <\/strong> SS 16 Trani \/ Bisceglie 115, 76125 &#8211; Trani (BT)<\/p>\n\n\n\n<p><strong><i class=\"fa-solid fa-phone\" style=\"color:#016DB6;\"><\/i> <\/strong>+39 338 526 71 12 (Enrico)<\/p>\n\n\n\n<p><strong><i class=\"fa-solid fa-phone\" style=\"color:#016DB6;\"><\/i> <\/strong>+39 338 34 86 257 (Mario)<\/p>\n\n\n\n<p><strong><i class=\"fa-regular fa-envelope\" style=\"color:#016DB6;\"><\/i><\/strong><a href=\"mailto:info@onaomac.it\"> <\/a><a href=\"mailto:info@itrullisulmare.com\">info@itrullisulmare.com<\/a><\/p>\n\n\n\n<div style=\"height:15px\" aria-hidden=\"true\" class=\"wp-block-spacer\"><\/div>\n\n\n\n<ul class=\"wp-block-social-links is-layout-flex wp-block-social-links-is-layout-flex\"><li class=\"wp-social-link wp-social-link-facebook  white-text wp-block-social-link\"><a rel=\"noopener nofollow\" target=\"_blank\" href=\"https:\/\/www.facebook.com\/ITrulliSulMare\/\" class=\"wp-block-social-link-anchor\"><svg width=\"24\" height=\"24\" viewBox=\"0 0 24 24\" version=\"1.1\" xmlns=\"http:\/\/www.w3.org\/2000\/svg\" aria-hidden=\"true\" focusable=\"false\"><path d=\"M12 2C6.5 2 2 6.5 2 12c0 5 3.7 9.1 8.4 9.9v-7H7.9V12h2.5V9.8c0-2.5 1.5-3.9 3.8-3.9 1.1 0 2.2.2 2.2.2v2.5h-1.3c-1.2 0-1.6.8-1.6 1.6V12h2.8l-.4 2.9h-2.3v7C18.3 21.1 22 17 22 12c0-5.5-4.5-10-10-10z\"><\/path><\/svg><span class=\"wp-block-social-link-label screen-reader-text\">Facebook<\/span><\/a><\/li>\n\n<li class=\"wp-social-link wp-social-link-instagram  white-text wp-block-social-link\"><a rel=\"noopener nofollow\" target=\"_blank\" href=\"https:\/\/www.instagram.com\/itrullisulmare\/\" class=\"wp-block-social-link-anchor\"><svg width=\"24\" height=\"24\" viewBox=\"0 0 24 24\" version=\"1.1\" xmlns=\"http:\/\/www.w3.org\/2000\/svg\" aria-hidden=\"true\" focusable=\"false\"><path d=\"M12,4.622c2.403,0,2.688,0.009,3.637,0.052c0.877,0.04,1.354,0.187,1.671,0.31c0.42,0.163,0.72,0.358,1.035,0.673 c0.315,0.315,0.51,0.615,0.673,1.035c0.123,0.317,0.27,0.794,0.31,1.671c0.043,0.949,0.052,1.234,0.052,3.637 s-0.009,2.688-0.052,3.637c-0.04,0.877-0.187,1.354-0.31,1.671c-0.163,0.42-0.358,0.72-0.673,1.035 c-0.315,0.315-0.615,0.51-1.035,0.673c-0.317,0.123-0.794,0.27-1.671,0.31c-0.949,0.043-1.233,0.052-3.637,0.052 s-2.688-0.009-3.637-0.052c-0.877-0.04-1.354-0.187-1.671-0.31c-0.42-0.163-0.72-0.358-1.035-0.673 c-0.315-0.315-0.51-0.615-0.673-1.035c-0.123-0.317-0.27-0.794-0.31-1.671C4.631,14.688,4.622,14.403,4.622,12 s0.009-2.688,0.052-3.637c0.04-0.877,0.187-1.354,0.31-1.671c0.163-0.42,0.358-0.72,0.673-1.035 c0.315-0.315,0.615-0.51,1.035-0.673c0.317-0.123,0.794-0.27,1.671-0.31C9.312,4.631,9.597,4.622,12,4.622 M12,3 C9.556,3,9.249,3.01,8.289,3.054C7.331,3.098,6.677,3.25,6.105,3.472C5.513,3.702,5.011,4.01,4.511,4.511 c-0.5,0.5-0.808,1.002-1.038,1.594C3.25,6.677,3.098,7.331,3.054,8.289C3.01,9.249,3,9.556,3,12c0,2.444,0.01,2.751,0.054,3.711 c0.044,0.958,0.196,1.612,0.418,2.185c0.23,0.592,0.538,1.094,1.038,1.594c0.5,0.5,1.002,0.808,1.594,1.038 c0.572,0.222,1.227,0.375,2.185,0.418C9.249,20.99,9.556,21,12,21s2.751-0.01,3.711-0.054c0.958-0.044,1.612-0.196,2.185-0.418 c0.592-0.23,1.094-0.538,1.594-1.038c0.5-0.5,0.808-1.002,1.038-1.594c0.222-0.572,0.375-1.227,0.418-2.185 C20.99,14.751,21,14.444,21,12s-0.01-2.751-0.054-3.711c-0.044-0.958-0.196-1.612-0.418-2.185c-0.23-0.592-0.538-1.094-1.038-1.594 c-0.5-0.5-1.002-0.808-1.594-1.038c-0.572-0.222-1.227-0.375-2.185-0.418C14.751,3.01,14.444,3,12,3L12,3z M12,7.378 c-2.552,0-4.622,2.069-4.622,4.622S9.448,16.622,12,16.622s4.622-2.069,4.622-4.622S14.552,7.378,12,7.378z M12,15 c-1.657,0-3-1.343-3-3s1.343-3,3-3s3,1.343,3,3S13.657,15,12,15z M16.804,6.116c-0.596,0-1.08,0.484-1.08,1.08 s0.484,1.08,1.08,1.08c0.596,0,1.08-0.484,1.08-1.08S17.401,6.116,16.804,6.116z\"><\/path><\/svg><span class=\"wp-block-social-link-label screen-reader-text\">Instagram<\/span><\/a><\/li><\/ul>\n<\/div>\n\n\n\n<div class=\"wp-block-column is-layout-flow wp-block-column-is-layout-flow\">\n<div class=\"wpcf7 no-js\" id=\"wpcf7-f1299-o1\" lang=\"es-ES\" dir=\"ltr\" data-wpcf7-id=\"1299\">\n<div class=\"screen-reader-response\"><p role=\"status\" aria-live=\"polite\" aria-atomic=\"true\"><\/p> <ul><\/ul><\/div>\n<form action=\"\/es\/wp-json\/wp\/v2\/pages\/1367#wpcf7-f1299-o1\" method=\"post\" class=\"wpcf7-form init\" aria-label=\"Formulario de contacto\" novalidate=\"novalidate\" data-status=\"init\">\n<fieldset class=\"hidden-fields-container\"><input type=\"hidden\" name=\"_wpcf7\" value=\"1299\" \/><input type=\"hidden\" name=\"_wpcf7_version\" value=\"6.1.5\" \/><input type=\"hidden\" name=\"_wpcf7_locale\" value=\"es_ES\" \/><input type=\"hidden\" name=\"_wpcf7_unit_tag\" value=\"wpcf7-f1299-o1\" \/><input type=\"hidden\" name=\"_wpcf7_container_post\" value=\"0\" \/><input type=\"hidden\" name=\"_wpcf7_posted_data_hash\" value=\"\" \/>\n<\/fieldset>\n<div class=\"container form-contat-pagina\">\n\t<div class=\"row\">\n\t\t<div class=\"col-sm-6 col-12 pl-sm-2 pr-sm-2 pt-2 pb-2 pl-0 pr-0\">\n\t\t\t<p><span class=\"wpcf7-form-control-wrap\" data-name=\"your-name\"><input size=\"40\" maxlength=\"400\" class=\"wpcf7-form-control wpcf7-text wpcf7-validates-as-required\" aria-required=\"true\" aria-invalid=\"false\" placeholder=\"Nombre*\" value=\"\" type=\"text\" name=\"your-name\" \/><\/span>\n\t\t\t<\/p>\n\t\t<\/div>\n\t\t<div class=\"col-sm-6 col-12 pl-sm-2 pr-sm-2 pt-2 pb-2 pl-0 pr-0\">\n\t\t\t<p><span class=\"wpcf7-form-control-wrap\" data-name=\"lastname\"><input size=\"40\" maxlength=\"400\" class=\"wpcf7-form-control wpcf7-text wpcf7-validates-as-required\" aria-required=\"true\" aria-invalid=\"false\" placeholder=\"Apellido*\" value=\"\" type=\"text\" name=\"lastname\" \/><\/span>\n\t\t\t<\/p>\n\t\t<\/div>\n\t\t<div class=\"col-sm-6 col-12 pl-sm-2 pr-sm-2 pt-2 pb-2 pl-0 pr-0\">\n\t\t\t<p><span class=\"wpcf7-form-control-wrap\" data-name=\"your-email\"><input size=\"40\" maxlength=\"400\" class=\"wpcf7-form-control wpcf7-email wpcf7-validates-as-required wpcf7-text wpcf7-validates-as-email\" aria-required=\"true\" aria-invalid=\"false\" placeholder=\"Email*\" value=\"\" type=\"email\" name=\"your-email\" \/><\/span>\n\t\t\t<\/p>\n\t\t<\/div>\n\t\t<div class=\"col-sm-6 col-12 pl-sm-2 pr-sm-2 pt-2 pb-2 pl-0 pr-0\">\n\t\t\t<p><span class=\"wpcf7-form-control-wrap\" data-name=\"telefono\"><input size=\"40\" maxlength=\"400\" class=\"wpcf7-form-control wpcf7-tel wpcf7-validates-as-required wpcf7-text wpcf7-validates-as-tel\" aria-required=\"true\" aria-invalid=\"false\" placeholder=\"Tel\u00e9fono*\" value=\"\" type=\"tel\" name=\"telefono\" \/><\/span>\n\t\t\t<\/p>\n\t\t<\/div>\n\t\t<div class=\"col-sm-12 col-12 pl-sm-2 pr-sm-2 pt-2 pb-2 pl-0 pr-0\">\n\t\t\t<p><span class=\"wpcf7-form-control-wrap\" data-name=\"your-message\"><textarea cols=\"40\" rows=\"6\" maxlength=\"2000\" class=\"wpcf7-form-control wpcf7-textarea\" aria-invalid=\"false\" placeholder=\"Mensaje\" name=\"your-message\"><\/textarea><\/span>\n\t\t\t<\/p>\n\t\t<\/div>\n\t\t<div class=\"col-sm-12 col-12 pl-sm-2 pr-sm-2 pt-2 pb-2 pl-0 pr-0\">\n\t\t\t<p class=\"testo-xxs\">(*) Campos requeridos\n\t\t\t<\/p>\n\t\t<\/div>\n\t\t<div class=\"col-sm-12 col-12 pl-sm-2 pr-sm-2 pt-2 pb-2 pl-0 pr-0 text-center\">\n\t\t\t<p><span class=\"wpcf7-form-control-wrap\" data-name=\"acceptance-837\"><span class=\"wpcf7-form-control wpcf7-acceptance\"><span class=\"wpcf7-list-item\"><label><input type=\"checkbox\" name=\"acceptance-837\" value=\"1\" class=\"small\" aria-invalid=\"false\" \/><span class=\"wpcf7-list-item-label\">Doy mi consentimiento para el tratamiento de mis datos personales seg\u00fan la Pol\u00edtica de Privacidad. Los datos son recogidos y gestionados con el fin de posibilitar el desarrollo de la relaci\u00f3n de suministro y\/o prestaci\u00f3n de conformidad con el Reglamento Europeo sobre tratamiento de datos - GDPR (Reglamento General de Protecci\u00f3n de Datos) 2016\/679.<\/span><\/label><\/span><\/span><\/span>\n\t\t\t<\/p>\n\t\t<\/div>\n\t\t<p><span class=\"wpcf7-form-control-wrap\" data-name=\"hcap-cf7\">\t\t<input\n\t\t\t\ttype=\"hidden\"\n\t\t\t\tclass=\"hcaptcha-widget-id\"\n\t\t\t\tname=\"hcaptcha-widget-id\"\n\t\t\t\tvalue=\"eyJzb3VyY2UiOlsiY29udGFjdC1mb3JtLTdcL3dwLWNvbnRhY3QtZm9ybS03LnBocCJdLCJmb3JtX2lkIjo3NDd9-3d613ced928565b5204553f9f9b2aee0\">\n\t\t\t\t<span id=\"hcap_cf7-69f27094ee3fe1.84504293\" class=\"wpcf7-form-control h-captcha \"\n\t\t\tdata-sitekey=\"2c6afd56-b872-432b-b410-6d7d5f2bdbce\"\n\t\t\tdata-theme=\"light\"\n\t\t\tdata-size=\"normal\"\n\t\t\tdata-auto=\"false\"\n\t\t\tdata-ajax=\"false\"\n\t\t\tdata-force=\"false\">\n\t\t<\/span>\n\t\t<input type=\"hidden\" id=\"_wpnonce\" name=\"_wpnonce\" value=\"c1f9fcb82d\" \/><input type=\"hidden\" name=\"_wp_http_referer\" value=\"\/es\/wp-json\/wp\/v2\/pages\/1367\" \/><\/span><input class=\"wpcf7-form-control wpcf7-submit has-spinner btn-invio-form\" type=\"submit\" value=\"Enviar mensaje\" \/>\n\t\t<\/p>\n\t<\/div>\n<\/div><div class=\"wpcf7-response-output\" aria-hidden=\"true\"><\/div>\n<\/form>\n<\/div>\n\n<\/div>\n<\/div>\n\n\n\n<div class=\"wp-block-columns alignfull slider-custom flex-row-reverse alignfull-fix mb-5 is-layout-flex wp-container-core-columns-is-layout-9d6595d7 wp-block-columns-is-layout-flex\">\n<div class=\"wp-block-column is-layout-flow wp-block-column-is-layout-flow\">\n<iframe src=\"https:\/\/www.google.com\/maps\/embed?pb=!1m14!1m8!1m3!1d1499.7815578586037!2d16.465207008206946!3d41.253073534451495!3m2!1i1024!2i768!4f13.1!3m3!1m2!1s0x133806ed26c5c5c1%3A0x5c008f6c37f18d2a!2sI%20TRULLI%20ON%20THE%20SEA!5e0!3m2!1sen!2sit!4v1684512768677!5m2!1sen!2sit\" style=\"border:0;\" allowfullscreen=\"\" loading=\"lazy\" referrerpolicy=\"no-referrer-when-downgrade\" class=\"w-full h-full\" height=\"600px\"><\/iframe>\n<\/div>\n<\/div>\n\n\n\n<h2 class=\"wp-block-heading has-text-align-center pt-5 pb-3 has-text-color\" style=\"color:#016db6\">C\u00d3MO ENCONTRARNOS<\/h2>\n\n\n\n<div class=\"wp-block-columns container p-md-0 mt-5 is-layout-flex wp-container-core-columns-is-layout-9d6595d7 wp-block-columns-is-layout-flex\">\n<div class=\"wp-block-column is-layout-flow wp-block-column-is-layout-flow\">\n<div class=\"icona-servizio mb-3\"><i class=\"fa-solid fa-plane\"><\/i><\/div>\n\n\n\n<p class=\"has-text-align-center\" style=\"font-size:26px;text-transform:uppercase\">En avi\u00f3n<\/p>\n\n\n\n<p class=\"has-text-align-center\">Los principales aeropuertos regionales son Brindisi \u201cBDS\u201d y Bari Palese \u201cBRI\u201d. Desde all\u00ed es recomendable continuar el viaje en coche, contactando con las empresas de alquiler presentes en los aeropuertos.<br>Luego tomar la SS 16 BIS en direcci\u00f3n Foggia \u2013 tomar la salida Bisceglie Nord \u2013 tomar la antigua carretera estatal costera 16 en direcci\u00f3n Trani \u2013 cruzar el puente Lama e inmediatamente a la derecha est\u00e1 la entrada a Trulli Sul Mare.<\/p>\n<\/div>\n\n\n\n<div class=\"wp-block-column is-layout-flow wp-block-column-is-layout-flow\">\n<div class=\"icona-servizio mb-3\"><i class=\"fa-solid fa-car\"><\/i><\/div>\n\n\n\n<p class=\"has-text-align-center\" style=\"font-size:26px;text-transform:uppercase\">En coche<\/p>\n\n\n\n<p class=\"has-text-align-center\">Autopista E55, salida Trani, seguir las indicaciones hacia Trani \u2013 tomar via V. Malcangi en direcci\u00f3n Bisceglie y luego continuar recto por la antigua carretera estatal costera 16 Trani Bisceglie en direcci\u00f3n Bisceglie. Despu\u00e9s de 3 km a la izquierda encontrar\u00e1 la entrada a Trulli Sul Mare.<\/p>\n<\/div>\n\n\n\n<div class=\"wp-block-column is-layout-flow wp-block-column-is-layout-flow\">\n<div class=\"icona-servizio mb-3\"><i class=\"fa-solid fa-train\"><\/i><\/div>\n\n\n\n<p class=\"has-text-align-center\" style=\"font-size:26px;text-transform:uppercase\">En el tren<\/p>\n\n\n\n<p class=\"has-text-align-center\">La estaci\u00f3n m\u00e1s cercana es Trani; Para obtener m\u00e1s informaci\u00f3n y horarios, visite el sitio web de Trenitalia o Italo. Los autobuses salen de la plaza de la estaci\u00f3n hacia Bisceglie y bajan en la parada Ponte Lama.<\/p>\n<\/div>\n<\/div>\n","protected":false},"excerpt":{"rendered":"<p>Cont\u00e1ctenos ahora para obtener informaci\u00f3n o venga a visitarnos.Estamos a su disposici\u00f3n para cualquier duda o petici\u00f3n.Si no puede llamarnos, [&#8230;]<\/p>\n<p><a class=\"btn btn-secondary understrap-read-more-link\" href=\"https:\/\/www.itrullisulmare.com\/es\/contacto\/\">Leer m\u00e1s&#8230;<span class=\"screen-reader-text\"> from Contacto<\/span><\/a><\/p>\n","protected":false},"author":1,"featured_media":815,"parent":0,"menu_order":0,"comment_status":"closed","ping_status":"closed","template":"page-templates\/fullwidthpage.php","meta":{"_acf_changed":false,"_monsterinsights_skip_tracking":false,"_monsterinsights_sitenote_active":false,"_monsterinsights_sitenote_note":"","_monsterinsights_sitenote_category":0,"footnotes":""},"class_list":["post-1367","page","type-page","status-publish","has-post-thumbnail","hentry"],"acf":[],"yoast_head":"<!-- This site is optimized with the Yoast SEO plugin v27.3 - https:\/\/yoast.com\/product\/yoast-seo-wordpress\/ -->\n<title>Contacto - I Trulli sul Mare<\/title>\n<meta name=\"robots\" content=\"index, follow, max-snippet:-1, max-image-preview:large, max-video-preview:-1\" \/>\n<link rel=\"canonical\" href=\"https:\/\/www.itrullisulmare.com\/es\/contacto\/\" \/>\n<meta property=\"og:locale\" content=\"es_ES\" \/>\n<meta property=\"og:type\" content=\"article\" \/>\n<meta property=\"og:title\" content=\"Contacto - I Trulli sul Mare\" \/>\n<meta property=\"og:description\" content=\"Cont\u00e1ctenos ahora para obtener informaci\u00f3n o venga a visitarnos.Estamos a su disposici\u00f3n para cualquier duda o petici\u00f3n.Si no puede llamarnos, [...]Leer m\u00e1s... from Contacto\" \/>\n<meta property=\"og:url\" content=\"https:\/\/www.itrullisulmare.com\/es\/contacto\/\" \/>\n<meta property=\"og:site_name\" content=\"I Trulli sul Mare\" \/>\n<meta property=\"article:modified_time\" content=\"2023-11-28T11:22:12+00:00\" \/>\n<meta property=\"og:image\" content=\"https:\/\/www.itrullisulmare.com\/wp-content\/uploads\/2023\/11\/hp-slide-03-new.webp\" \/>\n\t<meta property=\"og:image:width\" content=\"1920\" \/>\n\t<meta property=\"og:image:height\" content=\"1080\" \/>\n\t<meta property=\"og:image:type\" content=\"image\/webp\" \/>\n<meta name=\"twitter:card\" content=\"summary_large_image\" \/>\n<meta name=\"twitter:label1\" content=\"Tiempo de lectura\" \/>\n\t<meta name=\"twitter:data1\" content=\"2 minutos\" \/>\n<script type=\"application\/ld+json\" class=\"yoast-schema-graph\">{\"@context\":\"https:\\\/\\\/schema.org\",\"@graph\":[{\"@type\":\"WebPage\",\"@id\":\"https:\\\/\\\/www.itrullisulmare.com\\\/es\\\/contacto\\\/\",\"url\":\"https:\\\/\\\/www.itrullisulmare.com\\\/es\\\/contacto\\\/\",\"name\":\"Contacto - I Trulli sul Mare\",\"isPartOf\":{\"@id\":\"https:\\\/\\\/www.itrullisulmare.com\\\/es\\\/#website\"},\"primaryImageOfPage\":{\"@id\":\"https:\\\/\\\/www.itrullisulmare.com\\\/es\\\/contacto\\\/#primaryimage\"},\"image\":{\"@id\":\"https:\\\/\\\/www.itrullisulmare.com\\\/es\\\/contacto\\\/#primaryimage\"},\"thumbnailUrl\":\"https:\\\/\\\/www.itrullisulmare.com\\\/wp-content\\\/uploads\\\/2023\\\/11\\\/hp-slide-03-new.webp\",\"datePublished\":\"2023-11-22T16:36:15+00:00\",\"dateModified\":\"2023-11-28T11:22:12+00:00\",\"breadcrumb\":{\"@id\":\"https:\\\/\\\/www.itrullisulmare.com\\\/es\\\/contacto\\\/#breadcrumb\"},\"inLanguage\":\"es\",\"potentialAction\":[{\"@type\":\"ReadAction\",\"target\":[\"https:\\\/\\\/www.itrullisulmare.com\\\/es\\\/contacto\\\/\"]}]},{\"@type\":\"ImageObject\",\"inLanguage\":\"es\",\"@id\":\"https:\\\/\\\/www.itrullisulmare.com\\\/es\\\/contacto\\\/#primaryimage\",\"url\":\"https:\\\/\\\/www.itrullisulmare.com\\\/wp-content\\\/uploads\\\/2023\\\/11\\\/hp-slide-03-new.webp\",\"contentUrl\":\"https:\\\/\\\/www.itrullisulmare.com\\\/wp-content\\\/uploads\\\/2023\\\/11\\\/hp-slide-03-new.webp\",\"width\":1920,\"height\":1080,\"caption\":\"TRULLI SUL MARE IN PUGLIA A TRANI - esterni\"},{\"@type\":\"BreadcrumbList\",\"@id\":\"https:\\\/\\\/www.itrullisulmare.com\\\/es\\\/contacto\\\/#breadcrumb\",\"itemListElement\":[{\"@type\":\"ListItem\",\"position\":1,\"name\":\"Home\",\"item\":\"https:\\\/\\\/www.itrullisulmare.com\\\/es\\\/\"},{\"@type\":\"ListItem\",\"position\":2,\"name\":\"Contacto\"}]},{\"@type\":\"WebSite\",\"@id\":\"https:\\\/\\\/www.itrullisulmare.com\\\/es\\\/#website\",\"url\":\"https:\\\/\\\/www.itrullisulmare.com\\\/es\\\/\",\"name\":\"I Trulli sul Mare\",\"description\":\"\",\"publisher\":{\"@id\":\"https:\\\/\\\/www.itrullisulmare.com\\\/es\\\/#organization\"},\"potentialAction\":[{\"@type\":\"SearchAction\",\"target\":{\"@type\":\"EntryPoint\",\"urlTemplate\":\"https:\\\/\\\/www.itrullisulmare.com\\\/es\\\/?s={search_term_string}\"},\"query-input\":{\"@type\":\"PropertyValueSpecification\",\"valueRequired\":true,\"valueName\":\"search_term_string\"}}],\"inLanguage\":\"es\"},{\"@type\":\"Organization\",\"@id\":\"https:\\\/\\\/www.itrullisulmare.com\\\/es\\\/#organization\",\"name\":\"I Trulli sul Mare\",\"url\":\"https:\\\/\\\/www.itrullisulmare.com\\\/es\\\/\",\"logo\":{\"@type\":\"ImageObject\",\"inLanguage\":\"es\",\"@id\":\"https:\\\/\\\/www.itrullisulmare.com\\\/es\\\/#\\\/schema\\\/logo\\\/image\\\/\",\"url\":\"https:\\\/\\\/www.itrullisulmare.com\\\/wp-content\\\/uploads\\\/2023\\\/05\\\/logo-trulli-sul-mare.png\",\"contentUrl\":\"https:\\\/\\\/www.itrullisulmare.com\\\/wp-content\\\/uploads\\\/2023\\\/05\\\/logo-trulli-sul-mare.png\",\"width\":716,\"height\":114,\"caption\":\"I Trulli sul Mare\"},\"image\":{\"@id\":\"https:\\\/\\\/www.itrullisulmare.com\\\/es\\\/#\\\/schema\\\/logo\\\/image\\\/\"}}]}<\/script>\n<!-- \/ Yoast SEO plugin. -->","yoast_head_json":{"title":"Contacto - I Trulli sul Mare","robots":{"index":"index","follow":"follow","max-snippet":"max-snippet:-1","max-image-preview":"max-image-preview:large","max-video-preview":"max-video-preview:-1"},"canonical":"https:\/\/www.itrullisulmare.com\/es\/contacto\/","og_locale":"es_ES","og_type":"article","og_title":"Contacto - I Trulli sul Mare","og_description":"Cont\u00e1ctenos ahora para obtener informaci\u00f3n o venga a visitarnos.Estamos a su disposici\u00f3n para cualquier duda o petici\u00f3n.Si no puede llamarnos, [...]Leer m\u00e1s... from Contacto","og_url":"https:\/\/www.itrullisulmare.com\/es\/contacto\/","og_site_name":"I Trulli sul Mare","article_modified_time":"2023-11-28T11:22:12+00:00","og_image":[{"width":1920,"height":1080,"url":"https:\/\/www.itrullisulmare.com\/wp-content\/uploads\/2023\/11\/hp-slide-03-new.webp","type":"image\/webp"}],"twitter_card":"summary_large_image","twitter_misc":{"Tiempo de lectura":"2 minutos"},"schema":{"@context":"https:\/\/schema.org","@graph":[{"@type":"WebPage","@id":"https:\/\/www.itrullisulmare.com\/es\/contacto\/","url":"https:\/\/www.itrullisulmare.com\/es\/contacto\/","name":"Contacto - I Trulli sul Mare","isPartOf":{"@id":"https:\/\/www.itrullisulmare.com\/es\/#website"},"primaryImageOfPage":{"@id":"https:\/\/www.itrullisulmare.com\/es\/contacto\/#primaryimage"},"image":{"@id":"https:\/\/www.itrullisulmare.com\/es\/contacto\/#primaryimage"},"thumbnailUrl":"https:\/\/www.itrullisulmare.com\/wp-content\/uploads\/2023\/11\/hp-slide-03-new.webp","datePublished":"2023-11-22T16:36:15+00:00","dateModified":"2023-11-28T11:22:12+00:00","breadcrumb":{"@id":"https:\/\/www.itrullisulmare.com\/es\/contacto\/#breadcrumb"},"inLanguage":"es","potentialAction":[{"@type":"ReadAction","target":["https:\/\/www.itrullisulmare.com\/es\/contacto\/"]}]},{"@type":"ImageObject","inLanguage":"es","@id":"https:\/\/www.itrullisulmare.com\/es\/contacto\/#primaryimage","url":"https:\/\/www.itrullisulmare.com\/wp-content\/uploads\/2023\/11\/hp-slide-03-new.webp","contentUrl":"https:\/\/www.itrullisulmare.com\/wp-content\/uploads\/2023\/11\/hp-slide-03-new.webp","width":1920,"height":1080,"caption":"TRULLI SUL MARE IN PUGLIA A TRANI - esterni"},{"@type":"BreadcrumbList","@id":"https:\/\/www.itrullisulmare.com\/es\/contacto\/#breadcrumb","itemListElement":[{"@type":"ListItem","position":1,"name":"Home","item":"https:\/\/www.itrullisulmare.com\/es\/"},{"@type":"ListItem","position":2,"name":"Contacto"}]},{"@type":"WebSite","@id":"https:\/\/www.itrullisulmare.com\/es\/#website","url":"https:\/\/www.itrullisulmare.com\/es\/","name":"I Trulli sul Mare","description":"","publisher":{"@id":"https:\/\/www.itrullisulmare.com\/es\/#organization"},"potentialAction":[{"@type":"SearchAction","target":{"@type":"EntryPoint","urlTemplate":"https:\/\/www.itrullisulmare.com\/es\/?s={search_term_string}"},"query-input":{"@type":"PropertyValueSpecification","valueRequired":true,"valueName":"search_term_string"}}],"inLanguage":"es"},{"@type":"Organization","@id":"https:\/\/www.itrullisulmare.com\/es\/#organization","name":"I Trulli sul Mare","url":"https:\/\/www.itrullisulmare.com\/es\/","logo":{"@type":"ImageObject","inLanguage":"es","@id":"https:\/\/www.itrullisulmare.com\/es\/#\/schema\/logo\/image\/","url":"https:\/\/www.itrullisulmare.com\/wp-content\/uploads\/2023\/05\/logo-trulli-sul-mare.png","contentUrl":"https:\/\/www.itrullisulmare.com\/wp-content\/uploads\/2023\/05\/logo-trulli-sul-mare.png","width":716,"height":114,"caption":"I Trulli sul Mare"},"image":{"@id":"https:\/\/www.itrullisulmare.com\/es\/#\/schema\/logo\/image\/"}}]}},"_links":{"self":[{"href":"https:\/\/www.itrullisulmare.com\/es\/wp-json\/wp\/v2\/pages\/1367","targetHints":{"allow":["GET"]}}],"collection":[{"href":"https:\/\/www.itrullisulmare.com\/es\/wp-json\/wp\/v2\/pages"}],"about":[{"href":"https:\/\/www.itrullisulmare.com\/es\/wp-json\/wp\/v2\/types\/page"}],"author":[{"embeddable":true,"href":"https:\/\/www.itrullisulmare.com\/es\/wp-json\/wp\/v2\/users\/1"}],"replies":[{"embeddable":true,"href":"https:\/\/www.itrullisulmare.com\/es\/wp-json\/wp\/v2\/comments?post=1367"}],"version-history":[{"count":1,"href":"https:\/\/www.itrullisulmare.com\/es\/wp-json\/wp\/v2\/pages\/1367\/revisions"}],"predecessor-version":[{"id":1369,"href":"https:\/\/www.itrullisulmare.com\/es\/wp-json\/wp\/v2\/pages\/1367\/revisions\/1369"}],"wp:featuredmedia":[{"embeddable":true,"href":"https:\/\/www.itrullisulmare.com\/es\/wp-json\/wp\/v2\/media\/815"}],"wp:attachment":[{"href":"https:\/\/www.itrullisulmare.com\/es\/wp-json\/wp\/v2\/media?parent=1367"}],"curies":[{"name":"wp","href":"https:\/\/api.w.org\/{rel}","templated":true}]}}